{"id":1221,"date":"2021-11-21T22:14:33","date_gmt":"2021-11-21T21:14:33","guid":{"rendered":"https:\/\/cornixs.com\/?page_id=1221"},"modified":"2022-12-21T08:22:05","modified_gmt":"2022-12-21T07:22:05","slug":"impressum","status":"publish","type":"page","link":"https:\/\/cornixs.com\/de\/impressum\/","title":{"rendered":"IMPRESSUM"},"content":{"rendered":"<div data-elementor-type=\"wp-page\" data-elementor-id=\"1221\" class=\"elementor elementor-1221\">\n\t\t\t\t\t\t<section class=\"elementor-section elementor-top-section elementor-element elementor-element-74af84a elementor-section-boxed elementor-section-height-default elementor-section-height-default\" data-id=\"74af84a\" data-element_type=\"section\" data-e-type=\"section\">\n\t\t\t\t\t\t<div class=\"elementor-container elementor-column-gap-default\">\n\t\t\t\t\t<div class=\"elementor-column elementor-col-100 elementor-top-column elementor-element elementor-element-51256830\" data-id=\"51256830\" data-element_type=\"column\" data-e-type=\"column\">\n\t\t\t<div class=\"elementor-widget-wrap elementor-element-populated\">\n\t\t\t\t\t\t<div class=\"elementor-element elementor-element-75b80be9 elementor-widget elementor-widget-text-editor\" data-id=\"75b80be9\" data-element_type=\"widget\" data-e-type=\"widget\" data-widget_type=\"text-editor.default\">\n\t\t\t\t\t\t\t\t\t\n<h2 class=\"wp-block-heading\"><strong>IMPRESSUM<\/strong><\/h2>\n<p>\u00a0<\/p>\n\n<p id=\"unternehmen\"><strong>UNTERNEHMEN<\/strong><\/p>\n<p>\u00a0<\/p>\n\n<p class=\"wp-block-paragraph\"><strong>Cornixs Gesellschaft mit beschr\u00e4nkter Haftung<\/strong><\/p>\n<p>Herrhausenstra\u00dfe 3<br \/>27721 Ritterhude, Deutschland<br \/>Gesch\u00e4ftszeiten: Mo. bis Fr. 8:30 bis 17:30<br \/>Tel.: +49 (0) 4292 &#8211; 47 12 677<br \/>Fax: +49 (0) 4292 &#8211; 47 12 679<br \/>E-Mail: info@cornixs.com<\/p>\n<p>\u00a0<\/p>\n\n<p id=\"handelsregistereintrag\"><strong>HANDELSREGISTEREINTRAG<\/strong><\/p>\n\n<p class=\"wp-block-paragraph\">Sitz der Gesellschaft: Ritterhude<br \/>Registergericht: Amtsgerichts Walsrode<br \/>Registernummer: HRB 208945<\/p>\n\n<p id=\"umsatzsteuer-identifikationsnummer\"><strong>UMSATZSTEUER-IDENTIFIKATIONSNUMMER<\/strong><\/p>\n\n<p class=\"wp-block-paragraph\">USt-IdNr. gem. \u00a7 27a UStG: DE 316 059 028<\/p>\n\n<p id=\"geschaftsfuhrung\"><strong>GESCH\u00c4FTSF\u00dcHRUNG<\/strong><\/p>\n\n<p class=\"wp-block-paragraph\">Frau Maria Kamlowski<\/p>\n\n<p>\u00a0<\/p>\n<p id=\"haftungsausschluss\"><strong>HAFTUNGSAUSSCHLUSS<\/strong><\/p>\n\n<p class=\"wp-block-paragraph\">Die<strong> Cornixs GmbH<\/strong> ist bem\u00fcht, auf ihrer Internetpr\u00e4senz stets aktuelle und korrekte Informationen bereitzustellen, weshalb es laufend zu \u00c4nderungen des Angebotes kommen kann. Diese Anpassungen bzw. Erg\u00e4nzungen werden im Regelfall ohne vorherige Ank\u00fcndigung vorgenommen. Dennoch kann die <strong>Cornixs GmbH <\/strong>keine Haftung f\u00fcr die Aktualit\u00e4t und Vollst\u00e4ndigkeit der hier bereitgestellten Informationen \u00fcbernehmen. Dies gilt insbesondere auch f\u00fcr Links zu anderen Websites, die auf unseren Seiten angeboten werden. Weiterhin wird keine Haftung f\u00fcr m\u00f6gliche direkte oder indirekte Sch\u00e4den \u00fcbernommen, die \u00fcber diese externen Angebote entstehen. Bei Bekanntwerden von etwaigen Rechtsverletzungen hier verlinkter externer Angebote werden wir betroffene Inhalte umgehend entfernen.<\/p>\n\n<p class=\"wp-block-paragraph\">Dar\u00fcber hinaus sind wir ausdr\u00fccklich nicht zur Teilnahme an einem Streitbeilegungsverfahren vor einer Verbraucherschlichtungsstelle verpflichtet und grunds\u00e4tzlich nicht dazu bereit.<\/p>\n\t\t\t\t\t\t\t\t<\/div>\n\t\t\t\t\t<\/div>\n\t\t<\/div>\n\t\t\t\t\t<\/div>\n\t\t<\/section>\n\t\t\t\t<\/div>","protected":false},"excerpt":{"rendered":"<p>IMPRESSUM \u00a0 UNTERNEHMEN \u00a0 Cornixs Gesellschaft mit beschr\u00e4nkter Haftung Herrhausenstra\u00dfe 327721 Ritterhude, DeutschlandGesch\u00e4ftszeiten: Mo. bis Fr. 8:30 bis 17:30Tel.: +49 (0) 4292 &#8211; 47 12 677Fax: +49 (0) 4292 &#8211; 47 12 679E-Mail: info@cornixs.com \u00a0 HANDELSREGISTEREINTRAG Sitz der Gesellschaft: RitterhudeRegistergericht: Amtsgerichts WalsrodeRegisternummer: HRB 208945 UMSATZSTEUER-IDENTIFIKATIONSNUMMER USt-IdNr. gem. \u00a7 27a UStG: DE 316 059 028 GESCH\u00c4FTSF\u00dcHRUNG<a class=\"more-link\" href=\"https:\/\/cornixs.com\/de\/impressum\/\"><span class=\"screen-reader-text\">&#8220;IMPRESSUM&#8221;<\/span> weiterlesen<\/a><\/p>","protected":false},"author":213378692,"featured_media":0,"parent":0,"menu_order":0,"comment_status":"closed","ping_status":"closed","template":"elementor_header_footer","meta":{"_crdt_document":"","footnotes":""},"class_list":["post-1221","page","type-page","status-publish","hentry","entry"],"yoast_head":"<!-- This site is optimized with the Yoast SEO plugin v27.4 - https:\/\/yoast.com\/product\/yoast-seo-wordpress\/ -->\n<title>IMPRESSUM - Cornixs GmbH<\/title>\n<meta name=\"robots\" content=\"index, follow, max-snippet:-1, max-image-preview:large, max-video-preview:-1\" \/>\n<link rel=\"canonical\" href=\"https:\/\/cornixs.com\/de\/impressum\/\" \/>\n<meta property=\"og:locale\" content=\"de_DE\" \/>\n<meta property=\"og:type\" content=\"article\" \/>\n<meta property=\"og:title\" content=\"IMPRESSUM - Cornixs GmbH\" \/>\n<meta property=\"og:description\" content=\"IMPRESSUM \u00a0 UNTERNEHMEN \u00a0 Cornixs Gesellschaft mit beschr\u00e4nkter Haftung Herrhausenstra\u00dfe 327721 Ritterhude, DeutschlandGesch\u00e4ftszeiten: Mo. bis Fr. 8:30 bis 17:30Tel.: +49 (0) 4292 &#8211; 47 12 677Fax: +49 (0) 4292 &#8211; 47 12 679E-Mail: info@cornixs.com \u00a0 HANDELSREGISTEREINTRAG Sitz der Gesellschaft: RitterhudeRegistergericht: Amtsgerichts WalsrodeRegisternummer: HRB 208945 UMSATZSTEUER-IDENTIFIKATIONSNUMMER USt-IdNr. gem. \u00a7 27a UStG: DE 316 059 028 GESCH\u00c4FTSF\u00dcHRUNG&quot;IMPRESSUM&quot; weiterlesen\" \/>\n<meta property=\"og:url\" content=\"https:\/\/cornixs.com\/de\/impressum\/\" \/>\n<meta property=\"og:site_name\" content=\"Cornixs GmbH\" \/>\n<meta property=\"article:modified_time\" content=\"2022-12-21T07:22:05+00:00\" \/>\n<meta name=\"twitter:card\" content=\"summary_large_image\" \/>\n<meta name=\"twitter:label1\" content=\"Gesch\u00e4tzte Lesezeit\" \/>\n\t<meta name=\"twitter:data1\" content=\"1\u00a0Minute\" \/>\n<script type=\"application\/ld+json\" class=\"yoast-schema-graph\">{\"@context\":\"https:\\\/\\\/schema.org\",\"@graph\":[{\"@type\":\"WebPage\",\"@id\":\"https:\\\/\\\/cornixs.com\\\/impressum\\\/\",\"url\":\"https:\\\/\\\/cornixs.com\\\/impressum\\\/\",\"name\":\"IMPRESSUM - Cornixs GmbH\",\"isPartOf\":{\"@id\":\"https:\\\/\\\/cornixs.com\\\/#website\"},\"datePublished\":\"2021-11-21T21:14:33+00:00\",\"dateModified\":\"2022-12-21T07:22:05+00:00\",\"breadcrumb\":{\"@id\":\"https:\\\/\\\/cornixs.com\\\/impressum\\\/#breadcrumb\"},\"inLanguage\":\"de\",\"potentialAction\":[{\"@type\":\"ReadAction\",\"target\":[\"https:\\\/\\\/cornixs.com\\\/impressum\\\/\"]}]},{\"@type\":\"BreadcrumbList\",\"@id\":\"https:\\\/\\\/cornixs.com\\\/impressum\\\/#breadcrumb\",\"itemListElement\":[{\"@type\":\"ListItem\",\"position\":1,\"name\":\"Home\",\"item\":\"https:\\\/\\\/cornixs.com\\\/\"},{\"@type\":\"ListItem\",\"position\":2,\"name\":\"IMPRESSUM\"}]},{\"@type\":\"WebSite\",\"@id\":\"https:\\\/\\\/cornixs.com\\\/#website\",\"url\":\"https:\\\/\\\/cornixs.com\\\/\",\"name\":\"Cornixs GmbH\",\"description\":\"\",\"publisher\":{\"@id\":\"https:\\\/\\\/cornixs.com\\\/#organization\"},\"potentialAction\":[{\"@type\":\"SearchAction\",\"target\":{\"@type\":\"EntryPoint\",\"urlTemplate\":\"https:\\\/\\\/cornixs.com\\\/?s={search_term_string}\"},\"query-input\":{\"@type\":\"PropertyValueSpecification\",\"valueRequired\":true,\"valueName\":\"search_term_string\"}}],\"inLanguage\":\"de\"},{\"@type\":\"Organization\",\"@id\":\"https:\\\/\\\/cornixs.com\\\/#organization\",\"name\":\"Cornixs GmbH\",\"url\":\"https:\\\/\\\/cornixs.com\\\/\",\"logo\":{\"@type\":\"ImageObject\",\"inLanguage\":\"de\",\"@id\":\"https:\\\/\\\/cornixs.com\\\/#\\\/schema\\\/logo\\\/image\\\/\",\"url\":\"https:\\\/\\\/cornixs.com\\\/wp-content\\\/uploads\\\/2021\\\/11\\\/cropped-logo1.png\",\"contentUrl\":\"https:\\\/\\\/cornixs.com\\\/wp-content\\\/uploads\\\/2021\\\/11\\\/cropped-logo1.png\",\"width\":7295,\"height\":1799,\"caption\":\"Cornixs GmbH\"},\"image\":{\"@id\":\"https:\\\/\\\/cornixs.com\\\/#\\\/schema\\\/logo\\\/image\\\/\"}}]}<\/script>\n<!-- \/ Yoast SEO plugin. -->","yoast_head_json":{"title":"IMPRESSUM - Cornixs GmbH","robots":{"index":"index","follow":"follow","max-snippet":"max-snippet:-1","max-image-preview":"max-image-preview:large","max-video-preview":"max-video-preview:-1"},"canonical":"https:\/\/cornixs.com\/de\/impressum\/","og_locale":"de_DE","og_type":"article","og_title":"IMPRESSUM - Cornixs GmbH","og_description":"IMPRESSUM \u00a0 UNTERNEHMEN \u00a0 Cornixs Gesellschaft mit beschr\u00e4nkter Haftung Herrhausenstra\u00dfe 327721 Ritterhude, DeutschlandGesch\u00e4ftszeiten: Mo. bis Fr. 8:30 bis 17:30Tel.: +49 (0) 4292 &#8211; 47 12 677Fax: +49 (0) 4292 &#8211; 47 12 679E-Mail: info@cornixs.com \u00a0 HANDELSREGISTEREINTRAG Sitz der Gesellschaft: RitterhudeRegistergericht: Amtsgerichts WalsrodeRegisternummer: HRB 208945 UMSATZSTEUER-IDENTIFIKATIONSNUMMER USt-IdNr. gem. \u00a7 27a UStG: DE 316 059 028 GESCH\u00c4FTSF\u00dcHRUNG\"IMPRESSUM\" weiterlesen","og_url":"https:\/\/cornixs.com\/de\/impressum\/","og_site_name":"Cornixs GmbH","article_modified_time":"2022-12-21T07:22:05+00:00","twitter_card":"summary_large_image","twitter_misc":{"Gesch\u00e4tzte Lesezeit":"1\u00a0Minute"},"schema":{"@context":"https:\/\/schema.org","@graph":[{"@type":"WebPage","@id":"https:\/\/cornixs.com\/impressum\/","url":"https:\/\/cornixs.com\/impressum\/","name":"IMPRESSUM - Cornixs GmbH","isPartOf":{"@id":"https:\/\/cornixs.com\/#website"},"datePublished":"2021-11-21T21:14:33+00:00","dateModified":"2022-12-21T07:22:05+00:00","breadcrumb":{"@id":"https:\/\/cornixs.com\/impressum\/#breadcrumb"},"inLanguage":"de","potentialAction":[{"@type":"ReadAction","target":["https:\/\/cornixs.com\/impressum\/"]}]},{"@type":"BreadcrumbList","@id":"https:\/\/cornixs.com\/impressum\/#breadcrumb","itemListElement":[{"@type":"ListItem","position":1,"name":"Home","item":"https:\/\/cornixs.com\/"},{"@type":"ListItem","position":2,"name":"IMPRESSUM"}]},{"@type":"WebSite","@id":"https:\/\/cornixs.com\/#website","url":"https:\/\/cornixs.com\/","name":"Cornixs GmbH","description":"","publisher":{"@id":"https:\/\/cornixs.com\/#organization"},"potentialAction":[{"@type":"SearchAction","target":{"@type":"EntryPoint","urlTemplate":"https:\/\/cornixs.com\/?s={search_term_string}"},"query-input":{"@type":"PropertyValueSpecification","valueRequired":true,"valueName":"search_term_string"}}],"inLanguage":"de"},{"@type":"Organization","@id":"https:\/\/cornixs.com\/#organization","name":"Cornixs GmbH","url":"https:\/\/cornixs.com\/","logo":{"@type":"ImageObject","inLanguage":"de","@id":"https:\/\/cornixs.com\/#\/schema\/logo\/image\/","url":"https:\/\/cornixs.com\/wp-content\/uploads\/2021\/11\/cropped-logo1.png","contentUrl":"https:\/\/cornixs.com\/wp-content\/uploads\/2021\/11\/cropped-logo1.png","width":7295,"height":1799,"caption":"Cornixs GmbH"},"image":{"@id":"https:\/\/cornixs.com\/#\/schema\/logo\/image\/"}}]}},"jetpack_likes_enabled":true,"jetpack_sharing_enabled":true,"jetpack_shortlink":"https:\/\/wp.me\/PduBxV-jH","amp_enabled":true,"_links":{"self":[{"href":"https:\/\/cornixs.com\/de\/wp-json\/wp\/v2\/pages\/1221","targetHints":{"allow":["GET"]}}],"collection":[{"href":"https:\/\/cornixs.com\/de\/wp-json\/wp\/v2\/pages"}],"about":[{"href":"https:\/\/cornixs.com\/de\/wp-json\/wp\/v2\/types\/page"}],"author":[{"embeddable":true,"href":"https:\/\/cornixs.com\/de\/wp-json\/wp\/v2\/users\/213378692"}],"replies":[{"embeddable":true,"href":"https:\/\/cornixs.com\/de\/wp-json\/wp\/v2\/comments?post=1221"}],"version-history":[{"count":9,"href":"https:\/\/cornixs.com\/de\/wp-json\/wp\/v2\/pages\/1221\/revisions"}],"predecessor-version":[{"id":2185,"href":"https:\/\/cornixs.com\/de\/wp-json\/wp\/v2\/pages\/1221\/revisions\/2185"}],"wp:attachment":[{"href":"https:\/\/cornixs.com\/de\/wp-json\/wp\/v2\/media?parent=1221"}],"curies":[{"name":"wp","href":"https:\/\/api.w.org\/{rel}","templated":true}]}}